{"id":6273,"date":"2018-01-12T15:37:34","date_gmt":"2018-01-12T14:37:34","guid":{"rendered":"http:\/\/www.espronceda.net\/proyectos\/artcosmos\/"},"modified":"2018-03-11T07:41:24","modified_gmt":"2018-03-11T06:41:24","slug":"artcosmos","status":"publish","type":"page","link":"https:\/\/www.espronceda.net\/es\/proyectos\/artcosmos\/","title":{"rendered":"Artcosmos"},"content":{"rendered":"<div class=\"row\">\n\t<div class=\"wpb_content_element span8 wpb_text_column\">\n\t\t<div class=\"wpb_wrapper clearfix\">\n\t\t\t\n<p>&nbsp;<\/p>\n<h2>Artcosmos<\/h2>\n<h4><a href=\"https:\/\/www.artcosmos.net\/\" target=\"_blank\" rel=\"nofollow noopener noreferrer\">artcosmos.net<\/a><\/h4>\n<p>Espronceda es uno de los socios fundadores de ArtCosmos. La primera edici\u00f3n se celebr\u00f3 en ESPRONCEDA.<\/p>\n<p>ArtCosmos es una plataforma dedicada a la colaboraci\u00f3n entre artistas, acad\u00e9micos y l\u00edderes del pensamiento en la intersecci\u00f3n de la ciencia y el arte contempor\u00e1neo. La primera edici\u00f3n de ArtCosmos se celebr\u00f3 en ESPRONCEDA y represent\u00f3 a 12 artistas e invit\u00f3 a 5 cient\u00edficos, todos con v\u00ednculos mutuos con el arte y el mundo de la ciencia, respectivamente. La segunda edici\u00f3n de ArtCosmos en la ciudad de Nueva York se celebra en honor al 55 aniversario del primer vuelo humano al espacio realizado por Yuri Gagarin. La exhibici\u00f3n presenta a un grupo de artistas multidisciplinarios que crean nuevos di\u00e1logos visuales para la b\u00fasqueda inquebrantable de la humanidad para explorar el espacio profundo.<\/p>\n<h2>\u00a0<a href=\"https:\/\/www.espronceda.net\/wp-content\/uploads\/2018\/01\/capture-artcosmos.jpg\"><img loading=\"lazy\" decoding=\"async\" class=\"aligncenter size-full wp-image-5758\" src=\"https:\/\/www.espronceda.net\/wp-content\/uploads\/2018\/01\/capture-artcosmos.jpg\" alt=\"\" width=\"600\" height=\"644\" srcset=\"https:\/\/www.espronceda.net\/wp-content\/uploads\/2018\/01\/capture-artcosmos.jpg 600w, https:\/\/www.espronceda.net\/wp-content\/uploads\/2018\/01\/capture-artcosmos-280x300.jpg 280w\" sizes=\"auto, (max-width: 600px) 100vw, 600px\" \/><\/a><\/h2>\n\n\t\t<\/div> \n\t<\/div> <\/div>\n <div class=\"row\">\n\t<div class=\"wpb_video_widget wpb_content_element span8\">\n\t\t<div class=\"wpb_wrapper\"><iframe loading=\"lazy\" src=\"https:\/\/player.vimeo.com\/video\/151760396\" width=\"560\" height=\"315\" frameborder=\"0\" title=\"Opening of Quo Artis foundation\" webkitallowfullscreen mozallowfullscreen allowfullscreen><\/iframe>\n\t\t<\/div> \n\t<\/div> <\/div>\n <div class=\"row\">\n\t<div class=\"wpb_content_element wpb_single_image noframe span8\">\n\t\t<div class=\"wpb_wrapper\"><figure class=\"lightbox clearfix\">\n\t\t\t<a class=\"view\" href=\"https:\/\/www.espronceda.net\/wp-content\/uploads\/2018\/01\/capture-artcosmos.jpg\" rel=\"image-gallery\"><div class=\"overlay\"><div class=\"thumb-info\"><i class=\"icon-search\"><\/i><\/div><\/div><img loading=\"lazy\" decoding=\"async\" width=\"600\" height=\"644\" src=\"https:\/\/www.espronceda.net\/wp-content\/uploads\/2018\/01\/capture-artcosmos.jpg\" class=\"attachment-full size-full\" alt=\"\" srcset=\"https:\/\/www.espronceda.net\/wp-content\/uploads\/2018\/01\/capture-artcosmos.jpg 600w, https:\/\/www.espronceda.net\/wp-content\/uploads\/2018\/01\/capture-artcosmos-280x300.jpg 280w\" sizes=\"auto, (max-width: 600px) 100vw, 600px\" title=\"capture-artcosmos\" \/><\/a><\/figure>\n\t\t<\/div> \n\t<\/div> <\/div>\n\n","protected":false},"excerpt":{"rendered":"","protected":false},"author":1,"featured_media":0,"parent":5378,"menu_order":0,"comment_status":"closed","ping_status":"closed","template":"","meta":{"footnotes":""},"class_list":["post-6273","page","type-page","status-publish","hentry"],"_links":{"self":[{"href":"https:\/\/www.espronceda.net\/es\/wp-json\/wp\/v2\/pages\/6273","targetHints":{"allow":["GET"]}}],"collection":[{"href":"https:\/\/www.espronceda.net\/es\/wp-json\/wp\/v2\/pages"}],"about":[{"href":"https:\/\/www.espronceda.net\/es\/wp-json\/wp\/v2\/types\/page"}],"author":[{"embeddable":true,"href":"https:\/\/www.espronceda.net\/es\/wp-json\/wp\/v2\/users\/1"}],"replies":[{"embeddable":true,"href":"https:\/\/www.espronceda.net\/es\/wp-json\/wp\/v2\/comments?post=6273"}],"version-history":[{"count":1,"href":"https:\/\/www.espronceda.net\/es\/wp-json\/wp\/v2\/pages\/6273\/revisions"}],"predecessor-version":[{"id":6275,"href":"https:\/\/www.espronceda.net\/es\/wp-json\/wp\/v2\/pages\/6273\/revisions\/6275"}],"up":[{"embeddable":true,"href":"https:\/\/www.espronceda.net\/es\/wp-json\/wp\/v2\/pages\/5378"}],"wp:attachment":[{"href":"https:\/\/www.espronceda.net\/es\/wp-json\/wp\/v2\/media?parent=6273"}],"curies":[{"name":"wp","href":"https:\/\/api.w.org\/{rel}","templated":true}]}}