{"id":6277,"date":"2018-01-12T15:48:17","date_gmt":"2018-01-12T14:48:17","guid":{"rendered":"http:\/\/www.espronceda.net\/proyectos\/artist-residence-tv\/"},"modified":"2020-04-02T12:35:39","modified_gmt":"2020-04-02T10:35:39","slug":"artist-residence-tv","status":"publish","type":"page","link":"https:\/\/www.espronceda.net\/es\/proyectos\/artist-residence-tv\/","title":{"rendered":"Artists In Residence TV"},"content":{"rendered":"<h2>Artists In Residence TV<\/h2>\n<h4><a href=\"http:\/\/artistsinresidencetv.com\/\">artistsinresidencetv.com<\/a><\/h4>\n<p>AIRTV es un proyecto nacido en Barcelona, Espa\u00f1a, de la falta de canales de video dedicados a las residencias de artistas. El fen\u00f3meno de las residencias de artistas est\u00e1 creciendo r\u00e1pidamente y en todo el mundo, reduciendo las \u00e1reas sin esos lugares.<\/p>\n<p>AIRTV tiene como objetivo mapear todos esos incre\u00edbles espacios creativos y presentarles a cada uno de ellos un video de introducci\u00f3n. Ayudar\u00eda mucho a los artistas, a los amantes del arte, pero tambi\u00e9n a las residencias a diferenciarse unas de otras. Creemos en el conjunto \u00fanico de habilidades, personas y servicios que las residencias ofrecen para promover el arte y la cultura, y el poder de las im\u00e1genes para llegar a un p\u00fablico m\u00e1s amplio.<\/p>\n<p>El proyecto tambi\u00e9n proviene de la pasi\u00f3n por viajar y el deseo de conocer y conectar nuevas culturas y personas, nuevas visiones y opiniones, nuevos puntos de vista y estilos de vida, as\u00ed como tener una buena visi\u00f3n general del sector de la residencia de artistas en la escala internacional.<\/p>\n<p><a href=\"https:\/\/vimeo.com\/artistsinresidencetv\">https:\/\/vimeo.com\/artistsinresidencetv<\/a><\/p>\n","protected":false},"excerpt":{"rendered":"<p>Artists In Residence TV artistsinresidencetv.com AIRTV es un proyecto nacido en Barcelona, Espa\u00f1a, de la falta de canales de video dedicados a las residencias de artistas. El fen\u00f3meno de las residencias de artistas est\u00e1 creciendo r\u00e1pidamente y en todo el mundo, reduciendo las \u00e1reas sin esos lugares. AIRTV tiene como objetivo mapear todos esos incre\u00edbles espacios creativos y presentarles a [&hellip;]<\/p>\n","protected":false},"author":1,"featured_media":0,"parent":5378,"menu_order":0,"comment_status":"closed","ping_status":"closed","template":"","meta":{"footnotes":""},"class_list":["post-6277","page","type-page","status-publish","hentry"],"_links":{"self":[{"href":"https:\/\/www.espronceda.net\/es\/wp-json\/wp\/v2\/pages\/6277","targetHints":{"allow":["GET"]}}],"collection":[{"href":"https:\/\/www.espronceda.net\/es\/wp-json\/wp\/v2\/pages"}],"about":[{"href":"https:\/\/www.espronceda.net\/es\/wp-json\/wp\/v2\/types\/page"}],"author":[{"embeddable":true,"href":"https:\/\/www.espronceda.net\/es\/wp-json\/wp\/v2\/users\/1"}],"replies":[{"embeddable":true,"href":"https:\/\/www.espronceda.net\/es\/wp-json\/wp\/v2\/comments?post=6277"}],"version-history":[{"count":8,"href":"https:\/\/www.espronceda.net\/es\/wp-json\/wp\/v2\/pages\/6277\/revisions"}],"predecessor-version":[{"id":15533,"href":"https:\/\/www.espronceda.net\/es\/wp-json\/wp\/v2\/pages\/6277\/revisions\/15533"}],"up":[{"embeddable":true,"href":"https:\/\/www.espronceda.net\/es\/wp-json\/wp\/v2\/pages\/5378"}],"wp:attachment":[{"href":"https:\/\/www.espronceda.net\/es\/wp-json\/wp\/v2\/media?parent=6277"}],"curies":[{"name":"wp","href":"https:\/\/api.w.org\/{rel}","templated":true}]}}