{"id":6693,"date":"2018-05-23T16:43:37","date_gmt":"2018-05-23T14:43:37","guid":{"rendered":"http:\/\/www.espronceda.net\/?page_id=6693"},"modified":"2018-05-23T16:54:27","modified_gmt":"2018-05-23T14:54:27","slug":"aviso-legal","status":"publish","type":"page","link":"https:\/\/www.espronceda.net\/es\/aviso-legal\/","title":{"rendered":"Aviso legal"},"content":{"rendered":"<h3>Aviso legal<\/h3>\n<p>Aviso a los usuarios europeos: la presente declaraci\u00f3n de privacidad ha sido redactada en cumplimiento de las obligaciones previstas en el Art. 10 de la Directiva 95\/46\/CE, y de acuerdo con las disposiciones de la Directiva 2002\/58\/CE, modificada por la Directiva 2009\/136\/CE, en materia de Cookies.<\/p>\n<h3>Contacto<\/h3>\n<p>Si desea contactar por cualquier tema relacionado con la pol\u00edtica de privacidad, por favor env\u00edenos un email a la direcci\u00f3n de correo: info@espronceda.net.<br \/>\n<strong>\u00daltima revisi\u00f3n: Mayo del 2018<\/strong><\/p>\n","protected":false},"excerpt":{"rendered":"<p>Aviso legal Aviso a los usuarios europeos: la presente declaraci\u00f3n de privacidad ha sido redactada en cumplimiento de las obligaciones previstas en el Art. 10 de la Directiva 95\/46\/CE, y de acuerdo con las disposiciones de la Directiva 2002\/58\/CE, modificada por la Directiva 2009\/136\/CE, en materia de Cookies. Contacto Si desea contactar por cualquier tema relacionado con la pol\u00edtica de [&hellip;]<\/p>\n","protected":false},"author":1,"featured_media":0,"parent":0,"menu_order":0,"comment_status":"closed","ping_status":"closed","template":"","meta":{"footnotes":""},"class_list":["post-6693","page","type-page","status-publish","hentry"],"_links":{"self":[{"href":"https:\/\/www.espronceda.net\/es\/wp-json\/wp\/v2\/pages\/6693","targetHints":{"allow":["GET"]}}],"collection":[{"href":"https:\/\/www.espronceda.net\/es\/wp-json\/wp\/v2\/pages"}],"about":[{"href":"https:\/\/www.espronceda.net\/es\/wp-json\/wp\/v2\/types\/page"}],"author":[{"embeddable":true,"href":"https:\/\/www.espronceda.net\/es\/wp-json\/wp\/v2\/users\/1"}],"replies":[{"embeddable":true,"href":"https:\/\/www.espronceda.net\/es\/wp-json\/wp\/v2\/comments?post=6693"}],"version-history":[{"count":2,"href":"https:\/\/www.espronceda.net\/es\/wp-json\/wp\/v2\/pages\/6693\/revisions"}],"predecessor-version":[{"id":6697,"href":"https:\/\/www.espronceda.net\/es\/wp-json\/wp\/v2\/pages\/6693\/revisions\/6697"}],"wp:attachment":[{"href":"https:\/\/www.espronceda.net\/es\/wp-json\/wp\/v2\/media?parent=6693"}],"curies":[{"name":"wp","href":"https:\/\/api.w.org\/{rel}","templated":true}]}}