{"id":6695,"date":"2018-05-23T16:49:34","date_gmt":"2018-05-23T14:49:34","guid":{"rendered":"http:\/\/www.espronceda.net\/?page_id=6695"},"modified":"2019-09-19T11:50:35","modified_gmt":"2019-09-19T09:50:35","slug":"politica-de-privacidad","status":"publish","type":"page","link":"https:\/\/www.espronceda.net\/es\/politica-de-privacidad\/","title":{"rendered":"Pol\u00edtica de privacidad"},"content":{"rendered":"<h2>Pol\u00edtica de privacidad<\/h2>\n<p>El sitio web <a href=\"https:\/\/www.espronceda.net\">www.espronceda.net<\/a> es propiedad de LemonGrass Communication S.L, con <span style=\"color: #ff0000;\">NIF: B-64644412<\/span>\u00a0domicilio social en Gran de Gracia 15- 1\u00ba1\u00ba, 08012. Correo electr\u00f3nico de contacto info@espronceda.net. Tel\u00e9fono de atenci\u00f3n al p\u00fablico: 933 68 23 84<br \/>\nSu privacidad es muy importante para nosotros. En consecuencia, hemos desarrollado esta Pol\u00edtica para que pueda entender c\u00f3mo recopilamos, utilizamos, comunicamos, divulgamos y hacemos uso de la informaci\u00f3n personal que nos facilite.<br \/>\nAntes o en el momento de la recogida de informaci\u00f3n personal, le informaremos a trav\u00e9s de nuestros textos legales sobre los tratamientos que realizaremos con sus datos de forma totalmente transparente, que b\u00e1sicamente ser\u00e1 relacionado con el encargo que nos conf\u00eden, adem\u00e1s de la gesti\u00f3n, administraci\u00f3n y cualquier fin que no sean incompatible con lo anterior. Nosotros recogemos informaci\u00f3n personal por medios leg\u00edtimos y justos y, en su caso, con el conocimiento o consentimiento de la persona afectada. Los datos personales deben ser pertinentes a los fines para los que se van a utilizar, y, en la medida necesaria para esos fines, debe ser precisa, completa y actualizada. Vamos a proteger la informaci\u00f3n personal de garant\u00edas razonables de seguridad contra p\u00e9rdida o robo, as\u00ed como el acceso no autorizado, divulgaci\u00f3n, copia, uso o modificaci\u00f3n.<br \/>\nEstamos comprometidos a llevar a cabo nuestro negocio de acuerdo con estos principios con el fin de asegurar que la confidencialidad de la informaci\u00f3n personal est\u00e1 protegida y mantenida.<\/p>\n<h3>\u00bfQu\u00e9 informaci\u00f3n recopilamos?<\/h3>\n<p>Al hacer el pedido en nuestra Web, se le solicitar\u00e1 que introduzca su nombre y direcci\u00f3n de correo electr\u00f3nico. La informaci\u00f3n recopilada se utiliza para enviar correos electr\u00f3nicos peri\u00f3dicos. Entre las clases de Datos Personales que esta plataforma recoge, ya sea directamente o a trav\u00e9s de terceros, se encuentran: Nombre, Apellido(s), Direcci\u00f3n de correo electr\u00f3nico, Cookies y Datos de uso.<\/p>\n<p>Los Datos Personales pueden ser proporcionados por el Usuario por su propia voluntad, o bien ser recogidos autom\u00e1ticamente durante la utilizaci\u00f3n de esta plataforma.<br \/>\nLa negativa del Usuario a proporcionar ciertos Datos Personales o no aceptar nuestros textos legales, podr\u00eda imposibilitar a esta plataforma la prestaci\u00f3n de sus servicios.<br \/>\nEl Usuario asume la responsabilidad por los Datos Personales de terceros publicados o compartidos mediante esta plataforma y declara que tiene el consentimiento de dichos terceros para proporcionar los Datos al Titular.<\/p>\n<h3>\u00bfC\u00f3mo protegemos la informaci\u00f3n del visitante?<br \/>\nProtecci\u00f3n de datos<\/h3>\n<p>De acuerdo a lo establecido en la Ley Org\u00e1nica 15\/1999, de 13 de diciembre, de Protecci\u00f3n de Datos de Car\u00e1cter Personal (LOPD), le informamos de que los datos personales que nos facilite a trav\u00e9s de nuestro sitio web o mediante env\u00edos de correos electr\u00f3nicos, ser\u00e1n incorporados a un fichero automatizado titularidad de LemonGrass Communication S.L\u00a0con la finalidad de gestionar, prestar, ampliar y mejorar los servicios ofrecidos en el sitio web, ejecutar los contratos que por medio de la misma se realicen, enviar formularios de encuesta, estudiar la utilizaci\u00f3n de los servicios por parte de los Usuarios registrados, el env\u00edo de actualizaciones de los servicios, as\u00ed como para enviarle informaci\u00f3n publicitaria y newsletter consintiendo el usuario registrado expresamente en el env\u00edo de dicha informaci\u00f3n por cualquier medio, incluidos los que surjan en un futuro y sobretodo los postales y los electr\u00f3nicos, entre otros.<br \/>\nEl consentimiento del Usuario registrado para recibir, por correo electr\u00f3nico o medio electr\u00f3nico equivalente, podr\u00e1 ser revocado mediante notificaci\u00f3n dirigida a la siguiente direcci\u00f3n de correo electr\u00f3nico: <a href=\"mailto:info@espronceda.ne\">info@espronceda.ne<\/a>t. o bien a trav\u00e9s de los enlaces de <strong>BAJA<\/strong> de los propios emails promocionales. Asimismo, el Usuario registrado tiene la posibilidad de acceder a sus datos personales, y llevar a cabo las modificaciones oportunas en relaci\u00f3n con los mismos. En este sentido, el usuario registrado se compromete a proporcionar informaci\u00f3n cierta en relaci\u00f3n con sus datos personales, y mantener los datos facilitados a <a href=\"https:\/\/www.espronceda.net\">www.espronceda.net<\/a> al d\u00eda. El usuario podr\u00e1 ejercitar sus derechos de acceso, rectificaci\u00f3n, cancelaci\u00f3n y oposici\u00f3n por medio del env\u00edo de una comunicaci\u00f3n a la direcci\u00f3n recogida en el presente apartado. El Usuario registrado responder\u00e1, en cualquier caso, de la veracidad de los datos facilitados, reserv\u00e1ndose <a href=\"https:\/\/www.espronceda.net\">www.espronceda.net<\/a> el derecho de excluir de los Servicios registrados a todo Socio que haya facilitado datos falsos, sin perjuicio de las dem\u00e1s acciones que procedan en Derecho.<\/p>\n<h3>\u00bfQu\u00e9 finalidad tiene el tratamiento de los datos recogidos?<\/h3>\n<p>Los Datos relativos del Usuario son recogidos <span style=\"color: #ff0000;\">para el database de newsletter<\/span>, as\u00ed como para las siguientes finalidades: Estad\u00edsticas, Interacci\u00f3n con redes sociales y plataformas externas, Contactar con el Usuario, Gesti\u00f3n de contactos y env\u00edo de mensajes, Gesti\u00f3n de pagos, Registro y autenticaci\u00f3n, Remarketing y Behavioral Targeting, Publicidad, Test de rendimiento de contenidos y funcionalidades (A\/B testing), Hosting e infraestructura de backend, <span style=\"color: #ff0000;\">Monitorizaci\u00f3n de la infraestructura , Gesti\u00f3n de la base de datos de Usuarios, Heat mapping, Interacci\u00f3n con plataformas de live chat, Interacciones basadas en la localizaci\u00f3n, Gesti\u00f3n de las solicitudes de asistencia y contacto, Comentario de contenidos y Visualizar contenidos de plataformas externas.<\/span><br \/>\nSe recomienda al usuario consultar la pol\u00edtica de privacidad de cada una de las plataformas a trav\u00e9s de las cuales se recogen datos personales.<br \/>\nRelacionamos en formato listado nuestros principales tratamientos, que remarcamos:<br \/>\n&#8211; La existencia del env\u00edo de newsletter peri\u00f3dicos<br \/>\n&#8211; Interacci\u00f3n dentro de las redes sociales y las que puedan existir en un futuro, y env\u00edo de informaci\u00f3n que pueda ser de inter\u00e9s del usuario (siempre tener presente que en este contexto, las redes tienen sus propios textos legales)<\/p>\n<h3>Comunicaciones de Datos Personales<\/h3>\n<p>No comunicamos los datos personales del Usuario a terceros. Sin embargo, nos reservamos el derecho de compartir con terceros los datos personales que recogemos acerca del Usuario o bajo las circunstancias que se detallan a continuaci\u00f3n.<br \/>\nPodemos comunicar los datos personales que nos facilite el Usuario a nuestros proveedores y socios de negocio que trabajan en representaci\u00f3n nuestra para el cumplimiento del contrato suscrito con el Usuario o para comunicarnos con el Usuario cuando haga una compra, con el fin de administrar la venta, y para cumplir con las condiciones de venta. Se pueden comunicar los datos a alguien en espronceda?<br \/>\nTambi\u00e9n realizamos una cesi\u00f3n de datos a terceras entidades mercantiles, ya sea para nuestros env\u00edos publicitarios como los de las otras entidades mercantiles con las que colaboramos. La aceptaci\u00f3n de nuestros textos legales implica prestar el consentimiento sobre las cesiones que mencionamos.<\/p>\n<p><span style=\"color: #ff0000;\">En el caso de nuestros socios comerciales o entidades con las que colaboramos, si hubiera cesi\u00f3n, ya les advertimos que siempre se relacionaran quienes son dichos socios, el sector comercial que representan, y los tratamientos que realicen, en su caso.<\/span><\/p>\n<p>Asimismo, podemos comunicar a terceros los datos personales del Usuario, cuando sea requerido por ley. En particular, en relaci\u00f3n con investigaciones relacionadas a la seguridad o el cumplimiento de la ley vigente, para cumplir con disposiciones legales u \u00f3rdenes o procedimientos judiciales y policiales. Asimismo, para proteger los derechos o la propiedad de nuestros empleados, suscriptores y nuestros Servicios, como tambi\u00e9n para investigar, evitar o iniciar acciones en relaci\u00f3n con actividades ilegales, sospecha de fraude, situaciones que impliquen amenazas potenciales a la seguridad de cualquier persona, violaciones de las Condiciones de Servicio o de la Pol\u00edtica de Privacidad o de cualquier otra manera que lo permita la ley. Finalmente, tambi\u00e9n como parte de cualquier proceso de reorganizaci\u00f3n corporativa (como es el caso de una fusi\u00f3n, adquisici\u00f3n y\/o venta de todos, casi todos o parte de nuestros activos), para la cesi\u00f3n definitiva de su fondo de negocio o ante potenciales compradores y auditores.<\/p>\n<h3>Informaci\u00f3n adicional sobre la recogida de Datos y su tratamiento<\/h3>\n<h3>Defensa jur\u00eddica<\/h3>\n<p>Los Datos Personales del Usuario podr\u00e1n ser utilizados para la defensa jur\u00eddica del Titular en juicio o en las fases prejudiciales previas a un posible pleito derivado del uso abusivo por parte del Usuario de esta p\u00e1gina web o de los servicios relacionados.<br \/>\nEl Usuario es consciente que el Titular puede ser requerido por autoridades p\u00fablicas a fin de revelar Datos Personales.<\/p>\n<h3>Informaci\u00f3n adicional acerca de los Datos Personales del Usuario<\/h3>\n<p>Adem\u00e1s de las informaciones contenidas en esta pol\u00edtica de privacidad, esta plataforma podr\u00e1 proporcionar al Usuario informaci\u00f3n contextual relativa a servicios espec\u00edficos o a la recogida y tratamiento de los Datos Personales.<\/p>\n<h3>Informaci\u00f3n no contenida en esta pol\u00edtica de privacidad<\/h3>\n<p>Se podr\u00e1 solicitar en cualquier momento informaci\u00f3n adicional sobre la recogida y el tratamiento de los Datos Personales a la empresa Responsable del Tratamiento de los mismos.<\/p>\n<h3>Ejercicio de los derechos por los Titulares de los Datos<\/h3>\n<p>Se informa a los usuarios que los datos de car\u00e1cter personal facilitados ser\u00e1n incorporados a diversos ficheros, debidamente inscritos en el Registro General de Protecci\u00f3n de Datos, del cual el titular y responsable es LemonGrass Communication S.L, con <span style=\"color: #ff0000;\">NIF: B-64644412<\/span>, con domicilio social en C\/ Gran de Gracia 15, 1\u00ba-1\u00aa, 08012 de Barcelona, llevando a cabo un tratamiento mixto con la finalidad de mantener la relaci\u00f3n negocial as\u00ed como para recibir informaci\u00f3n publicitaria sobre todos nuestros servicios.<\/p>\n<p>Tambi\u00e9n y de conformidad con lo que se establece en el elenco normativo de protecci\u00f3n de datos, el usuario puede ejercer sus <strong>derechos de acceso, rectificaci\u00f3n, cancelaci\u00f3n y oposici\u00f3n<\/strong>, dirigiendo una comunicaci\u00f3n escrita a LemonGrass Communication S.L , C\/ Gran de Gracia 15, 1\u00ba-1\u00aa, 08012 de Barcelona, en la que acredite su identidad o bien al correo electr\u00f3nico <a href=\"mailto:info@espronceda.net\">info@espronceda.net<\/a> . La solicitud deber\u00e1 contener nombre, apellidos y fotocopia del DNI del interesado o de su representante legal, as\u00ed como documento acreditativo de la representaci\u00f3n, petici\u00f3n en la que se concrete la solicitud, domicilio a efectos de notificaciones, fecha y firma del solicitante y documentos acreditativos de la petici\u00f3n que formula. Si la solicitud no re\u00fane los requisitos especificados se requerir\u00e1 su subsanaci\u00f3n. Respecto al derecho de acceso, \u00fanicamente se denegar\u00e1 cuando la solicitud no cumpla los requisitos anteriormente citados y no se acredite ning\u00fan inter\u00e9s leg\u00edtimo al efecto. No se exigir\u00e1 ninguna contraprestaci\u00f3n por el ejercicio de los derechos.<br \/>\nLos titulares a los que se refieren los Datos Personales tienen derecho a obtener en cualquier momento la confirmaci\u00f3n de que estos han sido almacenados por el Responsable de Tratamiento, a conocer su contenido y origen, a verificar su exactitud o solicitar que sean completados, cancelados, actualizados o rectificados, a que sean an\u00f3nimos o a que se bloqueen aquellos Datos Personales que est\u00e1n siendo tratados en contravenci\u00f3n de las leyes, as\u00ed como a oponerse a su tratamiento por cualquier motivo leg\u00edtimo. Las solicitudes deber\u00e1n remitirse a la empresa responsable de tratamiento utilizando los datos de contacto indicados en esta p\u00e1gina.<\/p>\n<h3>Modificaci\u00f3n de esta pol\u00edtica de privacidad<\/h3>\n<p>La <span style=\"color: #ff0000;\">Asociaci\u00f3n<\/span> se reserva el derecho de modificar esta pol\u00edtica de privacidad en cualquier momento sin necesidad de previa aviso. Se recomienda encarecidamente que revisen esta p\u00e1gina con frecuencia, tomando como referencia la fecha de la \u00faltima modificaci\u00f3n indicada al final. En el caso de que un Usuario est\u00e9 en desacuerdo con alguna de las modificaciones realizadas a esta Pol\u00edtica, el Usuario deber\u00e1 cesar en el uso de esta plataforma y podr\u00e1 solicitar al Responsable de Tratamiento que elimine sus Datos Personales. Salvo que se indique lo contrario, la pol\u00edtica de privacidad vigente en cada momento ser\u00e1 de aplicaci\u00f3n a todos los Datos Personales que el Responsable de Tratamiento haya recogido hasta entonces.<\/p>\n","protected":false},"excerpt":{"rendered":"<p>Pol\u00edtica de privacidad El sitio web www.espronceda.net es propiedad de LemonGrass Communication S.L, con NIF: B-64644412\u00a0domicilio social en Gran de Gracia 15- 1\u00ba1\u00ba, 08012. Correo electr\u00f3nico de contacto info@espronceda.net. Tel\u00e9fono de atenci\u00f3n al p\u00fablico: 933 68 23 84 Su privacidad es muy importante para nosotros. En consecuencia, hemos desarrollado esta Pol\u00edtica para que pueda entender c\u00f3mo recopilamos, utilizamos, comunicamos, divulgamos [&hellip;]<\/p>\n","protected":false},"author":1,"featured_media":0,"parent":0,"menu_order":0,"comment_status":"closed","ping_status":"closed","template":"","meta":{"footnotes":""},"class_list":["post-6695","page","type-page","status-publish","hentry"],"_links":{"self":[{"href":"https:\/\/www.espronceda.net\/es\/wp-json\/wp\/v2\/pages\/6695","targetHints":{"allow":["GET"]}}],"collection":[{"href":"https:\/\/www.espronceda.net\/es\/wp-json\/wp\/v2\/pages"}],"about":[{"href":"https:\/\/www.espronceda.net\/es\/wp-json\/wp\/v2\/types\/page"}],"author":[{"embeddable":true,"href":"https:\/\/www.espronceda.net\/es\/wp-json\/wp\/v2\/users\/1"}],"replies":[{"embeddable":true,"href":"https:\/\/www.espronceda.net\/es\/wp-json\/wp\/v2\/comments?post=6695"}],"version-history":[{"count":3,"href":"https:\/\/www.espronceda.net\/es\/wp-json\/wp\/v2\/pages\/6695\/revisions"}],"predecessor-version":[{"id":11648,"href":"https:\/\/www.espronceda.net\/es\/wp-json\/wp\/v2\/pages\/6695\/revisions\/11648"}],"wp:attachment":[{"href":"https:\/\/www.espronceda.net\/es\/wp-json\/wp\/v2\/media?parent=6695"}],"curies":[{"name":"wp","href":"https:\/\/api.w.org\/{rel}","templated":true}]}}