{"id":6698,"date":"2018-05-23T17:12:31","date_gmt":"2018-05-23T15:12:31","guid":{"rendered":"http:\/\/www.espronceda.net\/?page_id=6698"},"modified":"2026-03-24T09:14:55","modified_gmt":"2026-03-24T08:14:55","slug":"politica-de-cookies","status":"publish","type":"page","link":"https:\/\/www.espronceda.net\/es\/politica-de-cookies\/","title":{"rendered":"Pol\u00edtica de cookies"},"content":{"rendered":"<h3>Aceptaci\u00f3n de la pol\u00edtica de Cookies<\/h3>\n<p>Al utilizar el portal web de <em>Espronceda center for Art and Culture<\/em> el usuario acepta el uso de Cookies y consiente el tratamiento de informaci\u00f3n sobre s\u00ed mismo en la forma y para los fines indicados m\u00e1s abajo. No obstante, <em>Espronceda center for Art and Culture<\/em> muestra informaci\u00f3n sobre su pol\u00edtica de Cookies en la parte superior de la p\u00e1gina principal del Portal web en cada inicio de sesi\u00f3n con el objetivo de que los Usuarios sean conscientes de ello.<\/p>\n<h3>Concepto de Cookies<\/h3>\n<p><em>Espronceda center for Art and Culture<\/em> les informa de que las Cookies son archivos que las p\u00e1ginas web pueden descargar en su equipo cada vez que acceda a una p\u00e1gina web, creados con la finalidad de ayudar al portal web a analizar el uso que hacen los Usuarios de ese portal web, que poden ser actualizados o recuperados por la entidad responsable de su instalaci\u00f3n.<br \/>\nEstos archivos permiten almacenar en el equipo del usuario cantidades de datos que pueden ir desde unos pocos quilobytes hasta varios megabytes.<br \/>\nLes Cookies son herramientas que tienen un papel esencial para la prestaci\u00f3n de Servicios de la Sociedad de la Informaci\u00f3n porque sirven para que una p\u00e1gina web pueda almacenar y recuperar informaci\u00f3n sobre los h\u00e1bitos de navegaci\u00f3n de los Usuarios de la Web o de su equipo y dependiendo de la informaci\u00f3n obtenida, se pueden utilizar para reconocer al Usuario y mejorar los servicios.<\/p>\n<h3>Tipos de Cookies<\/h3>\n<p>A continuaci\u00f3n, se realiza una clasificaci\u00f3n de las diferentes cookies que existen en funci\u00f3n de una serie de categor\u00edas. No obstante es necesario tener en cuenta que una misma Cookie puede estar incluida en m\u00e1s de una categor\u00eda.<br \/>\nSeg\u00fan la entidad que gestione el dominio desde el que se env\u00eden las Cookies y que trate los datos obtenidos, los Cookies pueden ser:<\/p>\n<ul>\n<li>Cookies propias , son aquellas que se env\u00edan al equipo del usuario desde un equipo o dominio gestionado por el propio editor y des del que se presta el servicio solicitado por el Usuario.<\/li>\n<li>Cookies de terceros , son aquellas que se env\u00edan al equipo del usuario desde un equipo o dominio que no es gestionado por el editor y desde el que se presta el servicio solicitado por el usuario.<\/li>\n<\/ul>\n<p>Seg\u00fan el plazo de tiempo que las cookies quedan almacenadas en los equipos\/navegadores de los usuarios, se distingue entre:<\/p>\n<ul>\n<li>Cookies de sesi\u00f3n , son aquellas que est\u00e1n dise\u00f1adas para recabar y almacenar datos de su navegaci\u00f3n mientras el usuario accede a un portal web. Se acostumbran a utilizar para almacenar informaci\u00f3n que solo interesa conservar para prestar el servicio solicitado por el usuario en una sola ocasi\u00f3n.<\/li>\n<li>Cookies persistentes , son un tipo de cookies en las que los datos siguen almacenados en el equipo del usuario y pueden ser accedidas y tratadas durante un tiempo definido por el responsable de la cookie, que puede ir desde unos cuantos minutos hasta varios a\u00f1os.<\/li>\n<\/ul>\n<p>En atenci\u00f3n a la finalidad con la que se tratan los datos obtenidos, las cookies se clasifican en:<\/p>\n<ul>\n<li>Cookies t\u00e9cnicas , son aquellas que permiten al usuario navegar a trav\u00e9s de la p\u00e1gina web, plataforma o aplicaci\u00f3n y la utilizaci\u00f3n de las diferentes opciones o servicios que en ella existen, como por ejemplo controlar el tr\u00e1nsito y la comunicaci\u00f3n de datos, identificar la sesi\u00f3n, acceder a \u00e1reas de acceso restringido, recordar los elementos integrantes de un pedido, realizar el proceso de compra de un pedido, realizar la solicitud de inscripci\u00f3n o participaci\u00f3n a un evento, utilizar elementos de seguridad durante la navegaci\u00f3n, almacenar contenidos para la difusi\u00f3n de v\u00eddeos o sonidos o para compartir contenidos a trav\u00e9s de redes sociales.<\/li>\n<li>Cookies de personalizaci\u00f3n , son aquellas que permiten al usuario acceder al servicio con algunas caracter\u00edsticas de car\u00e1cter general predefinidas en funci\u00f3n de una serie de criterios del terminal del usuario como por ejemplo, el idioma, tipo de navegador, etc.<\/li>\n<li>Cookies de an\u00e1lisis , son aquellas que permiten al responsable de las mismas, el seguimiento y an\u00e1lisis del comportamiento de los usuarios del portal web y se utilizan para mesurar la actividad del portal web, para elaborar perfiles de navegaci\u00f3n de los usuarios en el Portal web, con la finalidad de introducir mejoras en funci\u00f3n del an\u00e1lisis de los datos sobre el uso que hacen los usuarios del servicio.<\/li>\n<li>Cookies publicitarias , son aquellas que permiten la gesti\u00f3n, de la forma m\u00e1s eficaz posible, de los espacios publicitarios que, en su caso, el editor haya incluido en un Portal web des del que presta el servicio solicitado en base a criterios como el contenido editado o la frecuencia en la que es muestran los anuncios.<\/li>\n<li>Cookies de publicidad comportamental , son aquellas que permiten la gesti\u00f3n, de la forma m\u00e1s eficaz posible, de los espacios publicitarios que, en su caso, el editor haya incluido en un Portal web desde el que presta el servicio solicitado. Estas cookies almacenan informaci\u00f3n del comportamiento de los usuarios obtenida a trav\u00e9s de la observaci\u00f3n continuada de los h\u00e1bitos de navegaci\u00f3n, lo que permite desarrollar un perfil espec\u00edfico para exponer publicidad en funci\u00f3n del mismo.<\/li>\n<\/ul>\n<p>En cualquier caso, hay que tener en cuenta que una misma cookie puede tener m\u00e1s de una finalidad.<\/p>\n<p><!--\n\n\n<h3>Cookies Utilizadas en el portal Web Espronceda center for Art and Culture:<\/h3>\n\n\n\n\n<h4>A) Cookies de terceros:<\/h4>\n\n\n\n\n<h5>1. Google Analytics<\/h5>\n\n\n--><br \/>\n\n<p>El Portal web \u00abEspronceda center for Art and Culture\u00bb utiliza Google Analytics, un servicio anal\u00edtico de portales web prestado por Google, Inc., que permite la medici\u00f3n y an\u00e1lisis de la navegaci\u00f3n en las p\u00e1ginas web. Seg\u00fan la tipolog\u00eda anterior se tratan de Cookies de an\u00e1lisis.<\/p>\n<p>Google Inc. es una compa\u00f1\u00eda de Delaware que tiene la oficina principal en 1600 Amphitheatre Parkway, Mountain View (Calif\u00f2rnia), CA 94043, Estados Unidos (\u00abGoogle\u00bb).<\/p>\n<p><em>Espronceda center for Art and Culture<\/em> utiliza las cookies de Google Analytics, que son archivos de texto que se ubican en su ordenador como usuario de este Portal web, porque nos permiten y ayudan a analizar el uso que los usuarios hacen del Portal web de LA PREVISIO.<\/p>\n<p><em>Espronceda center for Art and Culture<\/em> a trav\u00e9s de la anal\u00edtica web de Google Analythics obtiene informaci\u00f3n relativa al No. de usuarios que acceden a la Web, a las ventanas visitadas, la frecuencia y repetici\u00f3n de las visitas, la duraci\u00f3n de las visitas, el navegador utilizado, el operador que presta el servicio, el idioma, el terminal que utiliza, o la ciudad a la que est\u00e1 asignada su direcci\u00f3n IP. Informaci\u00f3n que posibilita un mejor y m\u00e1s apropiado servicio por parte de este portal web. La informaci\u00f3n que genera la Cookie sobre el uso del web (incluyendo su direcci\u00f3n IP) ser\u00e1 directamente transmitida y archivada por Google en los servidores de los Estados Unidos.<\/p>\n<p>En su navegador podr\u00e1 observar las siguientes 4 Cookies del servicio de Google Analytics utilizadas por <em>Espronceda center for Art and Culture<\/em>, denominadas:<\/p>\n<p>\u201c_utma\u201d: Cookie de sesi\u00f3n que permite hacer un seguimiento de la actividad realizada en el Portal web, <em>Espronceda center for Art and Culture<\/em> por los Usuarios.<\/p>\n<p>\u201c_utmb\u201d: Cookie persistente con vencimiento a los 2 a\u00f1os, que recopila informaci\u00f3n de registro est\u00e1ndar y datos sobre los h\u00e1bitos de los Usuarios del Portal Web <em>Espronceda center for Art and Culture<\/em> de forma an\u00f3nima.<\/p>\n<p>\u201c_utmc\u201d: cookie de sesi\u00f3n que desaparecer\u00e1 del equipo del usuario tan buen punto se ponga fin a la sesi\u00f3n en el Portal web \u00ab<em>Espronceda center for Art and Culture<\/em>\u00ab.<\/p>\n<p>\u201c_utmz\u201d: cookie persistente con vencimiento a los 6 meses de su acceso al Portal web <em>Espronceda center for Art and Culture.<\/em><\/p>\n<p>Google utilizar\u00e1 esta informaci\u00f3n por cuenta de,Espronceda center for Art and Culture con el prop\u00f3sito de seguir la pista del uso del Portal web ,Espronceda center for Art and Culture, recopilando informes de la actividad del Portal web y prestando otros servicios relacionados con la actividad del Portal web i el uso de Internet.<\/p>\n<p><em>Espronceda center for Art and Culture<\/em> y Google s\u00f3lo podr\u00e1n transmitir esta informaci\u00f3n a terceros cuando as\u00ed lo requiera la legislaci\u00f3n, o cuando estos terceros procesen la informaci\u00f3n por cuenta de Google.<\/p>\n<p>Ni <em>Espronceda center for Art and Culture<\/em> ni Google asociar\u00e1n su direcci\u00f3n IP con cualquier otro dato de que dispongan.<\/p>\n<h5>2. Cookies publicitarias de Google y youtube.com<\/h5>\n<p>Al acceder al Portal web se podr\u00e1n descargar cookies asociadas al dominio google.com (NID) y Google.es (NID i PREF). Estas cookies se podr\u00e1n descargar debido a que est\u00e1n vinculadas a algunos productos y servicios de google utilizados por este portal web. Al respecto la misma Google en una de sus pagines informa de que utiliza estas cookies publicitarias \u201c&#8230; para poder personalizar los anuncios que se muestran en sus servicios como, por ejemplo, la B\u00fasqueda de Google\u201d.<\/p>\n<p>En el supuesto de hacer clic en el bot\u00f3n de aceptar la pol\u00edtica de cookies y despu\u00e9s de realizar una navegaci\u00f3n por este Portal web, tambi\u00e9n se podr\u00e1n descargar cookies publicitarias de terceros bajo el dominio de youtube.com.<\/p>\n<h5>3. Doubleclick.net<\/h5>\n<p>Empresa con fines publicitarios<\/p>\n<p>\u00abid\u00bb: Cookie persistente con vencimiento a los 6 meses<\/p>\n<h5>3. Facebook.com<\/h5>\n<p>Ponemos cookies para utilizarlos en Facebook con fines publicitatios acorde a los gustos del cliente.<\/p>\n<p>\u00abact\u00bb, \u00abc_user\u00bb, \u00abcsm\u00bb, \u00abfr\u00bb, \u00abp\u00bb, \u00abpresence\u00bb,\u00bbs\u00bb,\u00bbxs\u00bb: Cookie persistente con vencimiento a los 6 meses.<\/p>\n<h5>4. Zopim<\/h5>\n<p>Cookie para poder atender de forma m\u00e1s pesonalizada a los usuarios del chat.<\/p>\n<p>\u00ab_cfduid\u00bb: Cookie persistente con vencimiento a los 6 meses.<\/p>\n<h3>Como modificar la configuraci\u00f3n de las Cookies<\/h3>\n<p><em>Espronceda center for Art and Culture<\/em> informa al usuario de que, en cualquier momento, puede rehusar el uso de cookies mediante la selecci\u00f3n de la configuraci\u00f3n apropiada de su navegador, pero, debe saber que si lo hace puede ser que no pueda utilizar la plena funcionalidad de este website.<\/p>\n<p>A continuaci\u00f3n indicamos como se puede buscar, bloquear o eliminar una cookie, si bien puede variar en funci\u00f3n de la versi\u00f3n del navegador:<\/p>\n<p>Chrome, instrucciones: <a href=\"https:\/\/support.google.com\/chrome\/answer\/95647?hl=es\">https:\/\/support.google.com\/chrome\/answer\/95647?hl=es<\/a><br \/>\nExplorer,instrucciones: <a href=\"http:\/\/windows.microsoft.com\/es-es\/windows7\/how-to-manage-cookies-in-internet-explorer-9\">http:\/\/windows.microsoft.com\/es-es\/windows7\/how-to-manage-cookies-in-internet-explorer-9<\/a><br \/>\nFirefox,instrucciones: <a href=\"https:\/\/support.mozilla.org\/es\/kb\/habilitar-y-deshabilitar-cookies-sitios-web-rastrear-preferencias?redirectlocale=es&amp;redirectslug=habilitar-y-deshabilitar-cookies-que-los-sitios-we\">https:\/\/support.mozilla.org\/es\/kb\/habilitar-y-deshabilitar-cookies-sitios-web-rastrear-preferencias?redirectlocale=es&amp;redirectslug=habilitar-y-deshabilitar-cookies-que-los-sitios-we<\/a><br \/>\nSafari,instrucciones:<br \/>\nPude encontrar m\u00e1s informaci\u00f3n al respeto o inhabilitar el uso de las cookies de Google Analitycs en <a href=\"http:\/\/www.google.es\/intl\/analytics\/privacyoverview.html\">www.google.es\/intl\/analytics\/privacyoverview.html<\/a>.<\/p>\n<h4>GOOGLE CHROME<\/h4>\n<p>Vaya a Configuraci\u00f3n o a Preferencias a trav\u00e9s del men\u00fa Archivo o bien haciendo clic en el icono de personalizaci\u00f3n que aparece arriba a la derecha.<\/p>\n<p>Haga clic en la opci\u00f3n Muestra la configuraci\u00f3n avanzada .<\/p>\n<p>Vaya a Privacidad &gt; Configuraci\u00f3n del contenido .<\/p>\n<p>Seleccione Todas las cookies y datos del lugar .<\/p>\n<p>Se mostrar\u00e1 un listado con todas las cookies ordenadas por dominio. Puede buscar las cookies de un determinado dominio introduciendo parcial o totalmente la direcci\u00f3n en el campo Buscar cookies.<\/p>\n<p>Una vez realizado este filtro, aparecer\u00e1n en la pantalla una o varias l\u00edneas con las cookies de la web solicitada. Seguidamente debe seleccionarlas para eliminarlas .<\/p>\n<p>&nbsp;<\/p>\n<h4>INTERNET EXPLORER<\/h4>\n<p>Vaya a Herramientas, Opciones de Internet.<\/p>\n<p>Haga clic en Privacidad.<\/p>\n<p>Desplace la barra hasta ajustar el nivel de privacidad que desee.<\/p>\n<p>&nbsp;<\/p>\n<h4>FIREFOX<\/h4>\n<p>Vaya a Opciones o Preferencias, seg\u00fan su sistema operativo.<\/p>\n<p>Haga clic en Privacidad .<\/p>\n<p>En el Historial escoja Utilizar una configuraci\u00f3n personalizada para el historial.<\/p>\n<p>Seguidamente ver\u00e1 la opci\u00f3n Aceptar cookies , puede activarla o desactivarla seg\u00fan sus preferencias.<\/p>\n<h4>SAFARI (iOS)<\/h4>\n<p>Vaya a Ajustes , y luego a Safari.<\/p>\n<p>Vaya a Privacidad y Seguridad, ver\u00e1 la opci\u00f3n Bloquear cookies donde podr\u00e1 ajustar el tipo de bloqueo que desee realizar.<\/p>\n<h4>SAFARI (OSX)<\/h4>\n<p>Vaya a Preferencias , y despu\u00e9s a Privacidad.<\/p>\n<p>En este apartado ver\u00e1 la opci\u00f3n Bloquear cookies donde podr\u00e1 ajustar el tipo de bloqueo que desee realizar.<\/p>\n<h4>ANDROID<\/h4>\n<p>Ejecute el navegador y pulse la tecla Men\u00fa , despu\u00e9s Ajustes.<\/p>\n<p>Vaya a Seguridad y Privacidad , ver\u00e1 la opci\u00f3n Aceptar cookies donde podr\u00e1 activar o desactivar la casilla.<\/p>\n<h4>WINDOWS PHONE<\/h4>\n<p>Puede variar en funci\u00f3n de la versi\u00f3n del navegador:<\/p>\n<p>Ejecute el navegador y pulse la tecla Men\u00fa , despu\u00e9s Ajustes.<\/p>\n<p>Vaya a Seguridad y Privacidad , ver\u00e1 la opci\u00f3n Aceptar cookies donde podr\u00e1 activar o desactivar la casilla.<\/p>\n<p>Por \u00faltimo, <em>Espronceda center for Art and Culture<\/em> informa al USUARIO sobre la existencia de una herramienta disponible online, que permite a los usuarios detectar las cookies de cada portal web que visiten y gestionar su desactivaci\u00f3n (por ejemplo, Ghostery: <a href=\"http:\/\/www.ghostery.com\/privacy-statement\">http:\/\/www.ghostery.com\/privacy-statement<\/a>, <a href=\"http:\/\/www.ghostery.com\/faq\">http:\/\/www.ghostery.com\/faq<\/a>).<\/p>\n","protected":false},"excerpt":{"rendered":"<p>Aceptaci\u00f3n de la pol\u00edtica de Cookies Al utilizar el portal web de Espronceda center for Art and Culture el usuario acepta el uso de Cookies y consiente el tratamiento de informaci\u00f3n sobre s\u00ed mismo en la forma y para los fines indicados m\u00e1s abajo. No obstante, Espronceda center for Art and Culture muestra informaci\u00f3n sobre su pol\u00edtica de Cookies en [&hellip;]<\/p>\n","protected":false},"author":1,"featured_media":0,"parent":0,"menu_order":0,"comment_status":"closed","ping_status":"closed","template":"","meta":{"footnotes":""},"class_list":["post-6698","page","type-page","status-publish","hentry"],"_links":{"self":[{"href":"https:\/\/www.espronceda.net\/es\/wp-json\/wp\/v2\/pages\/6698","targetHints":{"allow":["GET"]}}],"collection":[{"href":"https:\/\/www.espronceda.net\/es\/wp-json\/wp\/v2\/pages"}],"about":[{"href":"https:\/\/www.espronceda.net\/es\/wp-json\/wp\/v2\/types\/page"}],"author":[{"embeddable":true,"href":"https:\/\/www.espronceda.net\/es\/wp-json\/wp\/v2\/users\/1"}],"replies":[{"embeddable":true,"href":"https:\/\/www.espronceda.net\/es\/wp-json\/wp\/v2\/comments?post=6698"}],"version-history":[{"count":7,"href":"https:\/\/www.espronceda.net\/es\/wp-json\/wp\/v2\/pages\/6698\/revisions"}],"predecessor-version":[{"id":30798,"href":"https:\/\/www.espronceda.net\/es\/wp-json\/wp\/v2\/pages\/6698\/revisions\/30798"}],"wp:attachment":[{"href":"https:\/\/www.espronceda.net\/es\/wp-json\/wp\/v2\/media?parent=6698"}],"curies":[{"name":"wp","href":"https:\/\/api.w.org\/{rel}","templated":true}]}}